{"id":280,"date":"2018-12-25T02:54:22","date_gmt":"2018-12-25T02:54:22","guid":{"rendered":"http:\/\/demo.casethemes.net\/lawsight\/?page_id=280"},"modified":"2021-01-11T15:33:46","modified_gmt":"2021-01-11T15:33:46","slug":"yargisal-ictihadlar","status":"publish","type":"page","link":"https:\/\/cananergun.av.tr\/index.php\/yargisal-ictihadlar\/","title":{"rendered":"Yarg\u0131sal \u0130\u00e7tihadlar"},"content":{"rendered":"<p>[ct_blog_grid layout=&#8221;masonry&#8221; filter=&#8221;false&#8221; col_xs=&#8221;1&#8243; col_sm=&#8221;1&#8243; col_md=&#8221;2&#8243; col_lg=&#8221;3&#8243; col_xl=&#8221;3&#8243;]<\/p>\n","protected":false},"excerpt":{"rendered":"<p>[ct_blog_grid layout=&#8221;masonry&#8221; filter=&#8221;false&#8221; col_xs=&#8221;1&#8243; col_sm=&#8221;1&#8243; col_md=&#8221;2&#8243; col_lg=&#8221;3&#8243; col_xl=&#8221;3&#8243;]<\/p>\n","protected":false},"author":1,"featured_media":0,"parent":0,"menu_order":0,"comment_status":"closed","ping_status":"closed","template":"","meta":{"footnotes":""},"_links":{"self":[{"href":"https:\/\/cananergun.av.tr\/index.php\/wp-json\/wp\/v2\/pages\/280"}],"collection":[{"href":"https:\/\/cananergun.av.tr\/index.php\/wp-json\/wp\/v2\/pages"}],"about":[{"href":"https:\/\/cananergun.av.tr\/index.php\/wp-json\/wp\/v2\/types\/page"}],"author":[{"embeddable":true,"href":"https:\/\/cananergun.av.tr\/index.php\/wp-json\/wp\/v2\/users\/1"}],"replies":[{"embeddable":true,"href":"https:\/\/cananergun.av.tr\/index.php\/wp-json\/wp\/v2\/comments?post=280"}],"version-history":[{"count":1,"href":"https:\/\/cananergun.av.tr\/index.php\/wp-json\/wp\/v2\/pages\/280\/revisions"}],"predecessor-version":[{"id":1930,"href":"https:\/\/cananergun.av.tr\/index.php\/wp-json\/wp\/v2\/pages\/280\/revisions\/1930"}],"wp:attachment":[{"href":"https:\/\/cananergun.av.tr\/index.php\/wp-json\/wp\/v2\/media?parent=280"}],"curies":[{"name":"wp","href":"https:\/\/api.w.org\/{rel}","templated":true}]}}