{"id":254,"date":"2018-12-25T02:42:49","date_gmt":"2018-12-25T02:42:49","guid":{"rendered":"http:\/\/demo.casethemes.net\/lawsight\/?page_id=254"},"modified":"2023-03-29T11:11:23","modified_gmt":"2023-03-29T11:11:23","slug":"iletisim","status":"publish","type":"page","link":"https:\/\/cananergun.av.tr\/index.php\/iletisim\/","title":{"rendered":"\u0130leti\u015fim"},"content":{"rendered":"<p>[vc_row css=&#8221;.vc_custom_1545816911406{padding-right: 15px !important;padding-left: 15px !important;}&#8221;][vc_column ct_column_class=&#8221;rm-padding-sm&#8221; el_class=&#8221;col-boxshadow&#8221; css=&#8221;.vc_custom_1545897722938{padding-top: 0px !important;padding-right: 70px !important;padding-left: 70px !important;}&#8221;][ct_space space_lg=&#8221;62&#8243; space_md=&#8221;62&#8243; space_sm=&#8221;62&#8243; space_xs=&#8221;30&#8243;][vc_row_inner][vc_column_inner css=&#8221;.vc_custom_1545816757842{padding-top: 0px !important;}&#8221; offset=&#8221;vc_col-lg-9 vc_col-md-9&#8243;][ct_heading text=&#8221;Bizimle ileti\u015fime ge\u00e7in&#8230;&#8221; font_size_xs=&#8221;26&#8243; font_weight=&#8221;&#8221; description_font_weight=&#8221;inherit&#8221;][\/vc_column_inner][vc_column_inner width=&#8221;1\/4&#8243; css=&#8221;.vc_custom_1545816763346{padding-top: 0px !important;}&#8221;][\/vc_column_inner][\/vc_row_inner][vc_empty_space height=&#8221;20&#8243;][vc_row_inner][vc_column_inner width=&#8221;7\/12&#8243;][vc_column_text css=&#8221;.vc_custom_1610107341736{margin-bottom: 9px !important;}&#8221; el_class=&#8221;color-heading&#8221;]Merak etti\u011finiz konularla ilgili bizimle ileti\u015fime ge\u00e7ebilirsiniz.[\/vc_column_text][ct_contact_info icon_list=&#8221;fontawesome5&#8243; icon_fontawesome5=&#8221;fac fac-building&#8221; title=&#8221;131 Dartmouth Street Boston, Massachusetts 02116 United States&#8221; content_info=&#8221;Devrim Bulvar\u0131 O\u011fuzlar \u0130\u015f Han\u0131<br \/>\nNo:9 D:2 Kdz.Ere\u011fli, Zonguldak&#8221;][vc_empty_space height=&#8221;21&#8243;][ct_contact_info content_type=&#8221;tel&#8221; icon_list=&#8221;fontawesome5&#8243; icon_fontawesome5=&#8221;fac fac-phone&#8221; title=&#8221;131 Dartmouth Street Boston, Massachusetts 02116 United States&#8221; content_info=&#8221;03723230030 &#8211; 05324651252&#8243;][ct_contact_info content_type=&#8221;email&#8221; icon_list=&#8221;fontawesome5&#8243; icon_fontawesome5=&#8221;fac fac-envelope&#8221; title=&#8221;131 Dartmouth Street Boston, Massachusetts 02116 United States&#8221; content_info=&#8221;info@cananergun.av.tr&#8221;][\/vc_column_inner][\/vc_row_inner][ct_space space_lg=&#8221;70&#8243; space_md=&#8221;70&#8243; space_sm=&#8221;70&#8243; space_xs=&#8221;30&#8243;][\/vc_column][\/vc_row][vc_row full_width=&#8221;stretch_row_content_no_spaces&#8221;][vc_column css=&#8221;.vc_custom_1545818776944{padding-top: 0px !important;}&#8221;][ct_googlemap coordinate=&#8221;41.2769387,31.4246466&#8243; markercoordinate=&#8221;40.6976684,-74.2605501&#8243; markericon=&#8221;730&#8243; style=&#8221;light-monochrome&#8221; height=&#8221;420px&#8221;][\/ct_googlemap][\/vc_column][\/vc_row]<\/p>\n","protected":false},"excerpt":{"rendered":"<p>[vc_row css=&#8221;.vc_custom_1545816911406{padding-right: 15px !important;padding-left: 15px !important;}&#8221;][vc_column ct_column_class=&#8221;rm-padding-sm&#8221; el_class=&#8221;col-boxshadow&#8221; css=&#8221;.vc_custom_1545897722938{padding-top: 0px !important;padding-right: 70px !important;padding-left: 70px !important;}&#8221;][ct_space space_lg=&#8221;62&#8243; space_md=&#8221;62&#8243; space_sm=&#8221;62&#8243; space_xs=&#8221;30&#8243;][vc_row_inner][vc_column_inner css=&#8221;.vc_custom_1545816757842{padding-top: 0px !important;}&#8221; offset=&#8221;vc_col-lg-9 vc_col-md-9&#8243;][ct_heading text=&#8221;Bizimle ileti\u015fime ge\u00e7in&#8230;&#8221; font_size_xs=&#8221;26&#8243; font_weight=&#8221;&#8221; description_font_weight=&#8221;inherit&#8221;][\/vc_column_inner][vc_column_inner width=&#8221;1\/4&#8243; css=&#8221;.vc_custom_1545816763346{padding-top: 0px !important;}&#8221;][\/vc_column_inner][\/vc_row_inner][vc_empty_space height=&#8221;20&#8243;][vc_row_inner][vc_column_inner width=&#8221;7\/12&#8243;][vc_column_text css=&#8221;.vc_custom_1610107341736{margin-bottom: 9px !important;}&#8221; el_class=&#8221;color-heading&#8221;]Merak etti\u011finiz konularla ilgili bizimle ileti\u015fime ge\u00e7ebilirsiniz.[\/vc_column_text][ct_contact_info icon_list=&#8221;fontawesome5&#8243; icon_fontawesome5=&#8221;fac fac-building&#8221; title=&#8221;131 Dartmouth Street Boston, Massachusetts 02116 [&hellip;]<\/p>\n","protected":false},"author":1,"featured_media":0,"parent":0,"menu_order":0,"comment_status":"closed","ping_status":"closed","template":"","meta":{"footnotes":""},"_links":{"self":[{"href":"https:\/\/cananergun.av.tr\/index.php\/wp-json\/wp\/v2\/pages\/254"}],"collection":[{"href":"https:\/\/cananergun.av.tr\/index.php\/wp-json\/wp\/v2\/pages"}],"about":[{"href":"https:\/\/cananergun.av.tr\/index.php\/wp-json\/wp\/v2\/types\/page"}],"author":[{"embeddable":true,"href":"https:\/\/cananergun.av.tr\/index.php\/wp-json\/wp\/v2\/users\/1"}],"replies":[{"embeddable":true,"href":"https:\/\/cananergun.av.tr\/index.php\/wp-json\/wp\/v2\/comments?post=254"}],"version-history":[{"count":10,"href":"https:\/\/cananergun.av.tr\/index.php\/wp-json\/wp\/v2\/pages\/254\/revisions"}],"predecessor-version":[{"id":2088,"href":"https:\/\/cananergun.av.tr\/index.php\/wp-json\/wp\/v2\/pages\/254\/revisions\/2088"}],"wp:attachment":[{"href":"https:\/\/cananergun.av.tr\/index.php\/wp-json\/wp\/v2\/media?parent=254"}],"curies":[{"name":"wp","href":"https:\/\/api.w.org\/{rel}","templated":true}]}}