{"id":252,"date":"2018-12-25T02:42:33","date_gmt":"2018-12-25T02:42:33","guid":{"rendered":"http:\/\/demo.casethemes.net\/lawsight\/?page_id=252"},"modified":"2021-01-11T15:20:11","modified_gmt":"2021-01-11T15:20:11","slug":"vekalet-bilgileri","status":"publish","type":"page","link":"https:\/\/cananergun.av.tr\/index.php\/vekalet-bilgileri\/","title":{"rendered":"Vekalet Bilgileri"},"content":{"rendered":"<p>[vc_row][vc_column][vc_column_text][\/vc_column_text][\/vc_column][\/vc_row][vc_row][vc_column width=&#8221;1\/2&#8243;][vc_column_text]<strong>Vekaletname \u0130\u00e7in Gerekli Belgeler<\/strong><\/p>\n<ul>\n<li>2 adet vesikal\u0131k foto\u011fraf<br \/>\n(Bo\u015fanma davas\u0131, tapu, nafaka, tan\u0131ma ve tenfiz i\u015flemleri i\u00e7in)<\/li>\n<li>N\u00fcfus C\u00fczdan\u0131<\/li>\n<\/ul>\n<p>[\/vc_column_text][\/vc_column][vc_column width=&#8221;1\/2&#8243;][vc_column_text]<strong>Vekaletname Verirken Dikkat Edilmesi Gereken Hususlar<\/strong><\/p>\n<ul>\n<li>E\u011fer yurtd\u0131\u015f\u0131nda ikamet ediyorsan\u0131z; vekaletnameler konsolosluklar<br \/>\ntaraf\u0131ndan verilir.<\/li>\n<li>T\u00fcrkiye \u2018de ikamet ediyor iseniz size en yak\u0131n notere ba\u015fvurman\u0131z<br \/>\nyeterlidir.<\/li>\n<li>\u015eirketiniz i\u00e7in vekaletname verece\u011finiz durumlarda \u2018Kendiniz i\u00e7in asaleten \u015firketiniz i\u00e7in vekaleten\u2019 \u015feklinde vekalet verirseniz hem<br \/>\n\u015fahs\u0131n\u0131z hem de \u015firketiniz i\u00e7in vekalet vermi\u015f olursunuz ve<br \/>\ngerekti\u011finde yeniden vekalet \u00e7\u0131karmak zorunda kalmazs\u0131n\u0131z.<\/li>\n<\/ul>\n<p>[\/vc_column_text][\/vc_column][\/vc_row][vc_row][vc_column][vc_column_text][\/vc_column_text][\/vc_column][\/vc_row]<\/p>\n","protected":false},"excerpt":{"rendered":"<p>[vc_row][vc_column][vc_column_text][\/vc_column_text][\/vc_column][\/vc_row][vc_row][vc_column width=&#8221;1\/2&#8243;][vc_column_text]Vekaletname \u0130\u00e7in Gerekli Belgeler 2 adet vesikal\u0131k foto\u011fraf (Bo\u015fanma davas\u0131, tapu, nafaka, tan\u0131ma ve tenfiz i\u015flemleri i\u00e7in) N\u00fcfus C\u00fczdan\u0131 [\/vc_column_text][\/vc_column][vc_column width=&#8221;1\/2&#8243;][vc_column_text]Vekaletname Verirken Dikkat Edilmesi Gereken Hususlar E\u011fer yurtd\u0131\u015f\u0131nda ikamet ediyorsan\u0131z; vekaletnameler konsolosluklar taraf\u0131ndan verilir. T\u00fcrkiye \u2018de ikamet ediyor iseniz size en yak\u0131n notere ba\u015fvurman\u0131z yeterlidir. \u015eirketiniz i\u00e7in vekaletname verece\u011finiz durumlarda \u2018Kendiniz i\u00e7in asaleten \u015firketiniz [&hellip;]<\/p>\n","protected":false},"author":1,"featured_media":0,"parent":0,"menu_order":0,"comment_status":"closed","ping_status":"closed","template":"","meta":{"footnotes":""},"_links":{"self":[{"href":"https:\/\/cananergun.av.tr\/index.php\/wp-json\/wp\/v2\/pages\/252"}],"collection":[{"href":"https:\/\/cananergun.av.tr\/index.php\/wp-json\/wp\/v2\/pages"}],"about":[{"href":"https:\/\/cananergun.av.tr\/index.php\/wp-json\/wp\/v2\/types\/page"}],"author":[{"embeddable":true,"href":"https:\/\/cananergun.av.tr\/index.php\/wp-json\/wp\/v2\/users\/1"}],"replies":[{"embeddable":true,"href":"https:\/\/cananergun.av.tr\/index.php\/wp-json\/wp\/v2\/comments?post=252"}],"version-history":[{"count":9,"href":"https:\/\/cananergun.av.tr\/index.php\/wp-json\/wp\/v2\/pages\/252\/revisions"}],"predecessor-version":[{"id":1939,"href":"https:\/\/cananergun.av.tr\/index.php\/wp-json\/wp\/v2\/pages\/252\/revisions\/1939"}],"wp:attachment":[{"href":"https:\/\/cananergun.av.tr\/index.php\/wp-json\/wp\/v2\/media?parent=252"}],"curies":[{"name":"wp","href":"https:\/\/api.w.org\/{rel}","templated":true}]}}