{"id":246,"date":"2018-12-25T02:41:21","date_gmt":"2018-12-25T02:41:21","guid":{"rendered":"http:\/\/demo.casethemes.net\/lawsight\/?page_id=246"},"modified":"2021-01-27T14:44:48","modified_gmt":"2021-01-27T14:44:48","slug":"hakkimizda","status":"publish","type":"page","link":"https:\/\/cananergun.av.tr\/index.php\/hakkimizda\/","title":{"rendered":"Hakk\u0131m\u0131zda"},"content":{"rendered":"<p>[vc_row full_width=&#8221;stretch_row_content_no_spaces&#8221; content_placement=&#8221;middle&#8221; css=&#8221;.vc_custom_1551717048729{padding-top: 118px !important;padding-bottom: 103px !important;}&#8221;][vc_column ct_column_class=&#8221;rm-padding-lg&#8221; ct_column_offset=&#8221;col-offset-left&#8221; css=&#8221;.vc_custom_1551625642296{padding-top: 0px !important;}&#8221; offset=&#8221;vc_col-lg-6 vc_col-md-6&#8243;][ct_space space_lg=&#8221;46&#8243; space_md=&#8221;46&#8243; space_sm=&#8221;0&#8243; space_xs=&#8221;0&#8243;][ct_heading text=&#8221;Avukat ve M\u00fcvekkil aras\u0131ndaki ili\u015fki hi\u00e7 \u015f\u00fcphesiz <cite>kar\u015f\u0131l\u0131kl\u0131 g\u00fcven<\/cite> esas\u0131na dayan\u0131r.&#8221; font_size_sm=&#8221;24&#8243; font_size_xs=&#8221;24&#8243; font_weight=&#8221;&#8221; show_gap=&#8221;show&#8221; subtitle=&#8221;Hakk\u0131m\u0131zda&#8221; description_font_weight=&#8221;inherit&#8221; margin_bottom=&#8221;0&#8243;][vc_column_text css=&#8221;.vc_custom_1610381074691{margin-top: 37px !important;margin-bottom: 40px !important;}&#8221; el_class=&#8221;text-block1&#8243;]Avukatl\u0131k hizmeti uyu\u015fmazl\u0131klar\u0131n \u00e7\u00f6z\u00fcm\u00fcnde geni\u015f vizyonlu analizlerin, sa\u011fduyulu ve s\u00fcratli \u00e7\u00f6z\u00fcmlerin bilinci ile hareket etmeyi gerektirir. Esas\u0131nda hukuk alan\u0131ndaki en sa\u011fl\u0131kl\u0131 yakla\u015f\u0131m, ihtilaflar ortaya \u00e7\u0131kmadan \u00f6nce muhtemel sorunlar\u0131 daha do\u011fmadan engelleyecek tedbirleri almaktan ge\u00e7er.<\/p>\n<p>\u0130\u015fte hukuk b\u00fcromuz bireysel ve kurumsal m\u00fcvekkillerine Avukatl\u0131k, M\u00fc\u015favirlik ve Dan\u0131\u015fmanl\u0131k hizmeti verirken, &#8220;koruyucu hukuk&#8221; kurallar\u0131n\u0131 referans almakla i\u015fe baslar.<\/p>\n<p>Her hak ve menfaat i\u00e7in vekillik hizmeti verir, hukuki ihtilaflar\u0131n \u00e7\u00f6z\u00fcm\u00fcnde &#8220;uzla\u015fma&#8221; k\u00fclt\u00fcr\u00fcn\u00fcn yerle\u015fmesi i\u00e7in \u00e7al\u0131\u015f\u0131r.<\/p>\n<p><strong>M\u00fcvekkillerimizin taleplerine ili\u015fkin etkin, h\u0131zl\u0131 ve verimli sonu\u00e7lar alabilmek yeg\u00e2ne amac\u0131m\u0131zd\u0131r.<\/strong><\/p>\n<p><strong>Bu sonuca ula\u015f\u0131rken Hukukun Temel Prensipleri ve Meslek Kurallar\u0131m\u0131z vazge\u00e7ilmez ara\u00e7lar\u0131m\u0131zd\u0131r<\/strong>.[\/vc_column_text][ct_space space_lg=&#8221;0&#8243; space_md=&#8221;0&#8243; space_sm=&#8221;35&#8243; space_xs=&#8221;35&#8243;][\/vc_column][vc_column css_animation=&#8221;fadeInRight&#8221; ct_column_class=&#8221;rm-padding-lg&#8221; css=&#8221;.vc_custom_1551949279230{padding-top: 0px !important;padding-left: 45px !important;}&#8221; offset=&#8221;vc_col-lg-6 vc_col-md-6&#8243;][ct_box_background_image box_height=&#8221;551&#8243; box_height_mobile=&#8221;350&#8243;][\/vc_column][\/vc_row]<\/p>\n","protected":false},"excerpt":{"rendered":"<p>[vc_row full_width=&#8221;stretch_row_content_no_spaces&#8221; content_placement=&#8221;middle&#8221; css=&#8221;.vc_custom_1551717048729{padding-top: 118px !important;padding-bottom: 103px !important;}&#8221;][vc_column ct_column_class=&#8221;rm-padding-lg&#8221; ct_column_offset=&#8221;col-offset-left&#8221; css=&#8221;.vc_custom_1551625642296{padding-top: 0px !important;}&#8221; offset=&#8221;vc_col-lg-6 vc_col-md-6&#8243;][ct_space space_lg=&#8221;46&#8243; space_md=&#8221;46&#8243; space_sm=&#8221;0&#8243; space_xs=&#8221;0&#8243;][ct_heading text=&#8221;Avukat ve M\u00fcvekkil aras\u0131ndaki ili\u015fki hi\u00e7 \u015f\u00fcphesiz kar\u015f\u0131l\u0131kl\u0131 g\u00fcven esas\u0131na dayan\u0131r.&#8221; font_size_sm=&#8221;24&#8243; font_size_xs=&#8221;24&#8243; font_weight=&#8221;&#8221; show_gap=&#8221;show&#8221; subtitle=&#8221;Hakk\u0131m\u0131zda&#8221; description_font_weight=&#8221;inherit&#8221; margin_bottom=&#8221;0&#8243;][vc_column_text css=&#8221;.vc_custom_1610381074691{margin-top: 37px !important;margin-bottom: 40px !important;}&#8221; el_class=&#8221;text-block1&#8243;]Avukatl\u0131k hizmeti uyu\u015fmazl\u0131klar\u0131n \u00e7\u00f6z\u00fcm\u00fcnde geni\u015f vizyonlu analizlerin, sa\u011fduyulu ve s\u00fcratli \u00e7\u00f6z\u00fcmlerin bilinci ile [&hellip;]<\/p>\n","protected":false},"author":1,"featured_media":0,"parent":0,"menu_order":0,"comment_status":"closed","ping_status":"closed","template":"","meta":{"footnotes":""},"_links":{"self":[{"href":"https:\/\/cananergun.av.tr\/index.php\/wp-json\/wp\/v2\/pages\/246"}],"collection":[{"href":"https:\/\/cananergun.av.tr\/index.php\/wp-json\/wp\/v2\/pages"}],"about":[{"href":"https:\/\/cananergun.av.tr\/index.php\/wp-json\/wp\/v2\/types\/page"}],"author":[{"embeddable":true,"href":"https:\/\/cananergun.av.tr\/index.php\/wp-json\/wp\/v2\/users\/1"}],"replies":[{"embeddable":true,"href":"https:\/\/cananergun.av.tr\/index.php\/wp-json\/wp\/v2\/comments?post=246"}],"version-history":[{"count":7,"href":"https:\/\/cananergun.av.tr\/index.php\/wp-json\/wp\/v2\/pages\/246\/revisions"}],"predecessor-version":[{"id":2049,"href":"https:\/\/cananergun.av.tr\/index.php\/wp-json\/wp\/v2\/pages\/246\/revisions\/2049"}],"wp:attachment":[{"href":"https:\/\/cananergun.av.tr\/index.php\/wp-json\/wp\/v2\/media?parent=246"}],"curies":[{"name":"wp","href":"https:\/\/api.w.org\/{rel}","templated":true}]}}