{"id":232,"date":"2018-12-25T02:36:59","date_gmt":"2018-12-25T02:36:59","guid":{"rendered":"http:\/\/demo.casethemes.net\/lawsight\/?page_id=232"},"modified":"2021-01-27T14:43:31","modified_gmt":"2021-01-27T14:43:31","slug":"uzmanlik-alanlari","status":"publish","type":"page","link":"https:\/\/cananergun.av.tr\/index.php\/uzmanlik-alanlari\/","title":{"rendered":"Uzmanl\u0131k Alanlar\u0131"},"content":{"rendered":"<p>[vc_row][vc_column css=&#8221;.vc_custom_1551582928509{padding-top: 110px !important;padding-bottom: 99px !important;}&#8221;][vc_row_inner][vc_column_inner width=&#8221;1\/4&#8243;][\/vc_column_inner][vc_column_inner width=&#8221;1\/2&#8243; ct_column_inner_class=&#8221;rm-padding-lg&#8221; css=&#8221;.vc_custom_1545964623807{padding-top: 0px !important;padding-right: 30px !important;padding-bottom: 0px !important;padding-left: 30px !important;}&#8221;][ct_heading text=&#8221;M\u00fcvekkillerimizin <cite>ihtiya\u00e7lar\u0131na uygun<\/cite> yenilik\u00e7i hizmetler sunmaktay\u0131z.&#8221; align_lg=&#8221;align-center&#8221; align_md=&#8221;align-center-md&#8221; align_sm=&#8221;align-center-sm&#8221; align_xs=&#8221;align-center-xs&#8221; font_size_sm=&#8221;24&#8243; font_size_xs=&#8221;24&#8243; font_weight=&#8221;&#8221; show_gap=&#8221;show&#8221; subtitle=&#8221;Uzmanl\u0131k Alanlar\u0131m\u0131z&#8221; description_font_weight=&#8221;inherit&#8221; margin_bottom=&#8221;0&#8243;][\/vc_column_inner][vc_column_inner width=&#8221;1\/4&#8243;][\/vc_column_inner][\/vc_row_inner][vc_empty_space height=&#8221;63&#8243;][ct_service_grid orderby=&#8221;title&#8221; order=&#8221;ASC&#8221; limit=&#8221;20&#8243; service_icon=&#8221;%5B%7B%22icon_type%22%3A%22icon%22%2C%22icon_list%22%3A%22flaticon%22%2C%22icon_flaticon%22%3A%22flaticon-multiple-users-silhouette%22%7D%2C%7B%22icon_type%22%3A%22icon%22%2C%22icon_list%22%3A%22flaticon%22%2C%22icon_flaticon%22%3A%22flaticon-chat%22%7D%2C%7B%22icon_type%22%3A%22icon%22%2C%22icon_list%22%3A%22flaticon%22%2C%22icon_flaticon%22%3A%22flaticon-menu%22%7D%2C%7B%22icon_type%22%3A%22icon%22%2C%22icon_list%22%3A%22flaticon%22%2C%22icon_flaticon%22%3A%22flaticon-briefcase%22%7D%2C%7B%22icon_type%22%3A%22icon%22%2C%22icon_list%22%3A%22flaticon%22%2C%22icon_flaticon%22%3A%22flaticon-open-book%22%7D%2C%7B%22icon_type%22%3A%22icon%22%2C%22icon_list%22%3A%22flaticon%22%2C%22icon_flaticon%22%3A%22flaticon-courthouse%22%7D%2C%7B%22icon_type%22%3A%22icon%22%2C%22icon_list%22%3A%22flaticon%22%2C%22icon_flaticon%22%3A%22flaticon-real-estate%22%7D%2C%7B%22icon_type%22%3A%22icon%22%2C%22icon_list%22%3A%22flaticon%22%2C%22icon_flaticon%22%3A%22flaticon-shield%22%7D%2C%7B%22icon_type%22%3A%22icon%22%2C%22icon_list%22%3A%22flaticon%22%2C%22icon_flaticon%22%3A%22flaticon-teamwork%22%7D%2C%7B%22icon_type%22%3A%22icon%22%2C%22icon_list%22%3A%22flaticon%22%2C%22icon_flaticon%22%3A%22flaticon-legal-paper%22%7D%2C%7B%22icon_type%22%3A%22icon%22%2C%22icon_list%22%3A%22flaticon%22%2C%22icon_flaticon%22%3A%22flaticon-link-symbol%22%7D%2C%7B%22icon_type%22%3A%22icon%22%2C%22icon_list%22%3A%22flaticon%22%2C%22icon_flaticon%22%3A%22flaticon-multiple-users-silhouette%22%7D%2C%7B%22icon_type%22%3A%22icon%22%2C%22icon_list%22%3A%22flaticon%22%2C%22icon_flaticon%22%3A%22flaticon-legal-paper%22%7D%2C%7B%22icon_type%22%3A%22icon%22%2C%22icon_list%22%3A%22flaticon%22%2C%22icon_flaticon%22%3A%22flaticon-open-book%22%7D%2C%7B%22icon_type%22%3A%22icon%22%2C%22icon_list%22%3A%22flaticon%22%2C%22icon_flaticon%22%3A%22flaticon-legal-paper%22%7D%5D&#8221; layout=&#8221;masonry&#8221; filter=&#8221;false&#8221; pagination_type=&#8221;false&#8221; col_xs=&#8221;1&#8243; col_sm=&#8221;2&#8243; col_md=&#8221;2&#8243; col_lg=&#8221;3&#8243; col_xl=&#8221;3&#8243;][\/vc_column][\/vc_row]<\/p>\n","protected":false},"excerpt":{"rendered":"<p>[vc_row][vc_column css=&#8221;.vc_custom_1551582928509{padding-top: 110px !important;padding-bottom: 99px !important;}&#8221;][vc_row_inner][vc_column_inner width=&#8221;1\/4&#8243;][\/vc_column_inner][vc_column_inner width=&#8221;1\/2&#8243; ct_column_inner_class=&#8221;rm-padding-lg&#8221; css=&#8221;.vc_custom_1545964623807{padding-top: 0px !important;padding-right: 30px !important;padding-bottom: 0px !important;padding-left: 30px !important;}&#8221;][ct_heading text=&#8221;M\u00fcvekkillerimizin ihtiya\u00e7lar\u0131na uygun yenilik\u00e7i hizmetler sunmaktay\u0131z.&#8221; align_lg=&#8221;align-center&#8221; align_md=&#8221;align-center-md&#8221; align_sm=&#8221;align-center-sm&#8221; align_xs=&#8221;align-center-xs&#8221; font_size_sm=&#8221;24&#8243; font_size_xs=&#8221;24&#8243; font_weight=&#8221;&#8221; show_gap=&#8221;show&#8221; subtitle=&#8221;Uzmanl\u0131k Alanlar\u0131m\u0131z&#8221; description_font_weight=&#8221;inherit&#8221; margin_bottom=&#8221;0&#8243;][\/vc_column_inner][vc_column_inner width=&#8221;1\/4&#8243;][\/vc_column_inner][\/vc_row_inner][vc_empty_space height=&#8221;63&#8243;][ct_service_grid orderby=&#8221;title&#8221; order=&#8221;ASC&#8221; limit=&#8221;20&#8243; service_icon=&#8221;%5B%7B%22icon_type%22%3A%22icon%22%2C%22icon_list%22%3A%22flaticon%22%2C%22icon_flaticon%22%3A%22flaticon-multiple-users-silhouette%22%7D%2C%7B%22icon_type%22%3A%22icon%22%2C%22icon_list%22%3A%22flaticon%22%2C%22icon_flaticon%22%3A%22flaticon-chat%22%7D%2C%7B%22icon_type%22%3A%22icon%22%2C%22icon_list%22%3A%22flaticon%22%2C%22icon_flaticon%22%3A%22flaticon-menu%22%7D%2C%7B%22icon_type%22%3A%22icon%22%2C%22icon_list%22%3A%22flaticon%22%2C%22icon_flaticon%22%3A%22flaticon-briefcase%22%7D%2C%7B%22icon_type%22%3A%22icon%22%2C%22icon_list%22%3A%22flaticon%22%2C%22icon_flaticon%22%3A%22flaticon-open-book%22%7D%2C%7B%22icon_type%22%3A%22icon%22%2C%22icon_list%22%3A%22flaticon%22%2C%22icon_flaticon%22%3A%22flaticon-courthouse%22%7D%2C%7B%22icon_type%22%3A%22icon%22%2C%22icon_list%22%3A%22flaticon%22%2C%22icon_flaticon%22%3A%22flaticon-real-estate%22%7D%2C%7B%22icon_type%22%3A%22icon%22%2C%22icon_list%22%3A%22flaticon%22%2C%22icon_flaticon%22%3A%22flaticon-shield%22%7D%2C%7B%22icon_type%22%3A%22icon%22%2C%22icon_list%22%3A%22flaticon%22%2C%22icon_flaticon%22%3A%22flaticon-teamwork%22%7D%2C%7B%22icon_type%22%3A%22icon%22%2C%22icon_list%22%3A%22flaticon%22%2C%22icon_flaticon%22%3A%22flaticon-legal-paper%22%7D%2C%7B%22icon_type%22%3A%22icon%22%2C%22icon_list%22%3A%22flaticon%22%2C%22icon_flaticon%22%3A%22flaticon-link-symbol%22%7D%2C%7B%22icon_type%22%3A%22icon%22%2C%22icon_list%22%3A%22flaticon%22%2C%22icon_flaticon%22%3A%22flaticon-multiple-users-silhouette%22%7D%2C%7B%22icon_type%22%3A%22icon%22%2C%22icon_list%22%3A%22flaticon%22%2C%22icon_flaticon%22%3A%22flaticon-legal-paper%22%7D%2C%7B%22icon_type%22%3A%22icon%22%2C%22icon_list%22%3A%22flaticon%22%2C%22icon_flaticon%22%3A%22flaticon-open-book%22%7D%2C%7B%22icon_type%22%3A%22icon%22%2C%22icon_list%22%3A%22flaticon%22%2C%22icon_flaticon%22%3A%22flaticon-legal-paper%22%7D%5D&#8221; layout=&#8221;masonry&#8221; filter=&#8221;false&#8221; pagination_type=&#8221;false&#8221; col_xs=&#8221;1&#8243; col_sm=&#8221;2&#8243; col_md=&#8221;2&#8243; col_lg=&#8221;3&#8243; col_xl=&#8221;3&#8243;][\/vc_column][\/vc_row]<\/p>\n","protected":false},"author":1,"featured_media":0,"parent":0,"menu_order":0,"comment_status":"closed","ping_status":"closed","template":"","meta":{"footnotes":""},"_links":{"self":[{"href":"https:\/\/cananergun.av.tr\/index.php\/wp-json\/wp\/v2\/pages\/232"}],"collection":[{"href":"https:\/\/cananergun.av.tr\/index.php\/wp-json\/wp\/v2\/pages"}],"about":[{"href":"https:\/\/cananergun.av.tr\/index.php\/wp-json\/wp\/v2\/types\/page"}],"author":[{"embeddable":true,"href":"https:\/\/cananergun.av.tr\/index.php\/wp-json\/wp\/v2\/users\/1"}],"replies":[{"embeddable":true,"href":"https:\/\/cananergun.av.tr\/index.php\/wp-json\/wp\/v2\/comments?post=232"}],"version-history":[{"count":9,"href":"https:\/\/cananergun.av.tr\/index.php\/wp-json\/wp\/v2\/pages\/232\/revisions"}],"predecessor-version":[{"id":2047,"href":"https:\/\/cananergun.av.tr\/index.php\/wp-json\/wp\/v2\/pages\/232\/revisions\/2047"}],"wp:attachment":[{"href":"https:\/\/cananergun.av.tr\/index.php\/wp-json\/wp\/v2\/media?parent=232"}],"curies":[{"name":"wp","href":"https:\/\/api.w.org\/{rel}","templated":true}]}}